{"id":1562,"date":"2020-11-26T13:01:53","date_gmt":"2020-11-26T12:01:53","guid":{"rendered":"https:\/\/khodamehri.com\/?page_id=1562"},"modified":"2020-12-07T12:56:49","modified_gmt":"2020-12-07T11:56:49","slug":"impressum","status":"publish","type":"page","link":"https:\/\/khodamehri.com\/de\/impressum\/","title":{"rendered":"Impressum"},"content":{"rendered":"<h1>Impressum<\/h1>\n<p>Reza Khodamehri Sheijani<br \/>\nSimon-Dach-Str. 25<br \/>\n10245 Berlin<br \/>\nTel: +49 30 220 16 464<br \/>\n<a href=\"mailto:reza@khodamehri.com\">reza@khodamehri.com<\/a><\/p>\n<h1>Disclaimer &#8211; rechtliche Hinweise<\/h1>\n<p><strong>Auskunfts- und Widerrufsrecht<\/strong><\/p>\n<p>Sie haben jederzeit das Recht, sich unentgeltlich und unverz\u00fcglich \u00fcber die zu Ihrer Person erhobenen Daten<br \/>\nzu erkundigen. Ebenfalls k\u00f6nnen Sie Ihre Zustimmung zur Verwendung Ihrer angegebenen pers\u00f6nlichen Daten mit<br \/>\nWirkung f\u00fcr die Zukunft widerrufen. Hierf\u00fcr wenden Sie sich bitte an den im Impressum angegebenen<br \/>\nDiensteanbieter.<\/p>\n<p><strong>Datenschutz (allgemein)<\/strong><\/p>\n<p>Beim Zugriff auf unsere Webseite werden automatisch allgemeine Informationen (sog. Server-Logfiles) erfasst. Diese<br \/>\nbeinhalten u.a. den von Ihnen verwendeten Webbrowser sowie Ihr Betriebssystem und Ihren Internet Service Provider. Diese<br \/>\nDaten lassen keinerlei R\u00fcckschl\u00fcsse auf Ihre Person zu und werden von uns statistisch ausgewertet, um unseren<br \/>\nInternetauftritt technisch und inhaltlich zu verbessern. Das Erfassen dieser Informationen ist notwendig, um den Inhalt<br \/>\nder Webseite korrekt ausliefern zu k\u00f6nnen.<\/p>\n<p>Die Nutzung der Webseite ist grunds\u00e4tzlich ohne Angabe personenbezogener Daten m\u00f6glich. Soweit<br \/>\npersonenbezogene Daten (beispielsweise Name, Anschrift oder E-Mail-Adressen) erhoben werden, erfolgt dies, soweit<br \/>\nm\u00f6glich, stets auf freiwilliger Basis. Diese Daten werden ohne Ihre ausdr\u00fcckliche Zustimmung nicht an Dritte<br \/>\nweitergegeben.<\/p>\n<p>Sofern ein Vertragsverh\u00e4ltnis begr\u00fcndet, inhaltlich ausgestaltet oder ge\u00e4ndert werden soll oder Sie an<br \/>\nuns eine Anfrage stellen, erheben und verwenden wir personenbezogene Daten von Ihnen, soweit dies zu diesem Zwecke<br \/>\nerforderlich ist (Bestandsdaten). Wir erheben, verarbeiten und nutzen personenbezogene Daten soweit dies erforderlich<br \/>\nist, um Ihnen die Inanspruchnahme des Webangebots zu erm\u00f6glichen (Nutzungsdaten). S\u00e4mtliche personenbezogenen<br \/>\nDaten werden nur solange gespeichert wie dies f\u00fcr den genannten Zweck (Bearbeitung Ihrer Anfrage oder Abwicklung<br \/>\neines Vertrags) erforderlich ist. Hierbei werden steuer- und handelsrechtliche Aufbewahrungsfristen von uns<br \/>\nber\u00fccksichtigt. Auf Anordnung der zust\u00e4ndigen Stellen m\u00fcssen wir im Einzelfall Auskunft \u00fcber diese<br \/>\nDaten (Bestandsdaten) erteilen, soweit dies f\u00fcr Zwecke der Strafverfolgung, zur Gefahrenabwehr, zur Erf\u00fcllung<br \/>\nder gesetzlichen Aufgaben der Verfassungsschutzbeh\u00f6rden oder des Milit\u00e4rischen Abschirmdienstes oder zur<br \/>\nDurchsetzung der Rechte am geistigen Eigentum erforderlich ist.<\/p>\n<p>Wir weisen ausdr\u00fccklich darauf hin, dass die Daten\u00fcbertragung im Internet (z. B. bei der Kommunikation per<br \/>\nE-Mail) Sicherheitsl\u00fccken aufweisen kann. Vor dem Zugriff auf Daten kann nicht l\u00fcckenlos gesch\u00fctzt<br \/>\nwerden.<\/p>\n<p>Die Nutzung von im Rahmen der Impressumspflicht ver\u00f6ffentlichten Kontaktdaten durch Dritte zur \u00dcbersendung<br \/>\nvon nicht ausdr\u00fccklich angeforderter Werbung und Informationsmaterialien wird hiermit ausdr\u00fccklich untersagt.<br \/>\nAusgenommen hiervon sind bestehende Gesch\u00e4ftsbeziehungen bzw. es liegt Ihnen eine entsprechende Einwilligung von uns<br \/>\nvor.<\/p>\n<p>Die Anbieter und alle auf dieser Website genannten Dritten behalten sich ausdr\u00fccklich rechtliche Schritte im<br \/>\nFalle der unverlangten Zusendung von Werbeinformationen vor. Gleiches gilt f\u00fcr die kommerzielle Verwendung und<br \/>\nWeitergabe der Daten.<\/p>\n<p><strong>Datenschutz (Kommentarfunktion)<\/strong><\/p>\n<p>Im Rahmen der Kommentarfunktion unseres Blogs erheben wir personenbezogene Daten (z. B. Name, E-Mail) im Rahmen Ihrer<br \/>\nKommentierung zu einem Beitrag nur in dem Umfang wie Sie ihn uns mitgeteilt haben. Bei der Ver\u00f6ffentlichung eines<br \/>\nKommentars wird die von Ihnen angegebene Email-Adresse gespeichert, aber nicht ver\u00f6ffentlicht. Ihr angegebener Name<br \/>\nwird ver\u00f6ffentlich. Sie k\u00f6nnen auch ein Pseudonym benutzen.<\/p>\n<p><strong>Datenschutzerkl\u00e4rung Facebook-Plugins (Like\/ Gef\u00e4llt mir-Button etc.)<\/strong><\/p>\n<p>Auf dieser Website sind Plugins des Social-Media-Anbieters Facebook.com (f\u00fcr Europa: Facebook Irland Limited, 4<br \/>\nGrand Canal Square, Dublin 2, Ireland; f\u00fcr die USA: Facebook Inc., 1601 Willow Road, Menlo Park, CA 94025, USA),<br \/>\nimplementiert. Eine \u00dcbersicht der Facebook-Plugins finden Sie hier: <a href=\"https:\/\/developers.facebook.com\/docs\/plugins\/\" target=\"_blank\" rel=\"noopener noreferrer\">https:\/\/developers.facebook.com\/docs\/plugins\/<\/a>.<\/p>\n<p>Durch Ihren Besuch auf Seiten mit Facebook-Plugins, wird durch das Plugin eine Verbindung zwischen Ihrem Browser und<br \/>\neinem Server von Facebook hergestellt. Hierdurch erh\u00e4lt Facebook Informationen zu Ihrer IP-Adresse und dem Besuch<br \/>\nauf unserer Website.<\/p>\n<p>Durch Anklicken der Facebook-Plugins gelangen Sie zum Login-Bereich von Facebook. Bereits eingeloggte Facebook-Nutzer<br \/>\nk\u00f6nnen sofort Inhalte unserer Website auf ihren Facebook-Profilen ver\u00f6ffentlichen. Infolge der Nutzung dieser<br \/>\nPlugins kann Facebook den Besuch unserer Website Ihrem pers\u00f6nlichen Benutzerkonto zuordnen. Wir weisen<br \/>\nausdr\u00fccklich darauf hin, dass wir als Anbieter dieser Internetseiten keine Kenntnis vom Inhalt der<br \/>\n\u00fcbermittelten Daten sowie deren Nutzung durch Facebook erhalten. Weitere Informationen zum Datenschutz durch<br \/>\nFacebook erhalten Sie unter: <a href=\"https:\/\/de-de.facebook.com\/policy.php\" target=\"_blank\" rel=\"noopener noreferrer\">https:\/\/de-de.facebook.com\/policy.php<\/a>.<\/p>\n<p>Um eine Zuordnung durch Facebook zwischen Ihrem Besuch auf unserer Website zu Ihrem Benutzerkonto zu verhindern,<br \/>\nm\u00fcssen Sie sich aus Ihrem Facebook-Account ausloggen.<\/p>\n<p><strong>Google Analytics<\/strong><\/p>\n<p>Diese Website benutzt Google Analytics, einen Webanalysedienst der Google Inc. (&#8222;Google&#8220;), 1600 Amphitheatre Parkway,<br \/>\nMountain View, CA 94043, USA. Google Analytics verwendet sog. &#8222;Cookies&#8220; (Textdateien), die auf Ihrem Computer gespeichert<br \/>\nwerden und die eine Analyse der Benutzung der Website durch Sie erm\u00f6glichen. Die durch das Cookie erzeugten<br \/>\nInformationen \u00fcber Ihre Benutzung dieser Website werden in der Regel an einen Server von Google in den USA<br \/>\n\u00fcbertragen und dort gespeichert. Im Falle der Aktivierung der IP-Anonymisierung auf dieser Website, wird Ihre<br \/>\nIP-Adresse von Google jedoch innerhalb von Mitgliedstaaten der Europ\u00e4ischen Union oder in anderen Vertragsstaaten<br \/>\ndes Abkommens \u00fcber den Europ\u00e4ischen Wirtschaftsraum zuvor gek\u00fcrzt. Nur in Ausnahmef\u00e4llen wird die<br \/>\nvollst\u00e4ndige IP-Adresse an einen Server von Google in den USA \u00fcbertragen und dort anonymisiert. Im Auftrag des<br \/>\nBetreibers dieser Website wird Google diese Informationen benutzen, um Ihre Nutzung der Website auszuwerten, um Reports<br \/>\n\u00fcber die Websiteaktivit\u00e4ten zusammenzustellen und um weitere mit der Websitenutzung und der Internetnutzung<br \/>\nverbundene Dienstleistungen gegen\u00fcber dem Websitebetreiber zu erbringen. Die im Rahmen von Google Analytics von<br \/>\nIhrem Browser \u00fcbermittelte IP-Adresse wird nicht mit anderen Daten von Google zusammengef\u00fchrt.<\/p>\n<p>Sie k\u00f6nnen die Speicherung der Cookies durch eine entsprechende Einstellung Ihrer Browser-Software verhindern;<br \/>\nwir weisen Sie jedoch darauf hin, dass Sie in diesem Fall gegebenenfalls nicht s\u00e4mtliche Funktionen dieser Website<br \/>\nvollumf\u00e4nglich nutzen k\u00f6nnen. Sie k\u00f6nnen dar\u00fcber hinaus die Erfassung der durch das Cookie erzeugten<br \/>\nund auf Ihre Nutzung der Website bezogenen Daten (inkl. Ihrer IP-Adresse) an Google sowie die Verarbeitung dieser Daten<br \/>\ndurch Google verhindern, indem sie das unter dem folgenden Link verf\u00fcgbare Browser-Add-on herunterladen und<br \/>\ninstallieren: <a href=\"http:\/\/tools.google.com\/dlpage\/gaoptout?hl=de\" target=\"_blank\" rel=\"noopener noreferrer\">http:\/\/tools.google.com\/dlpage\/gaoptout?hl=de<\/a>. Das<br \/>\nBrowser-Add-on zur Deaktivierung von Google Analytics ist mit Chrome, Internet Explorer 8 bis 11, Safari, Firefox und<br \/>\nOpera kompatibel.<\/p>\n<p>Weitere Informationen zu Nutzungsbedingungen und Datenschutz finden Sie unter folgenden Links: <a href=\"http:\/\/www.google.com\/analytics\/terms\/de.html\" target=\"_blank\" rel=\"noopener noreferrer\">http:\/\/www.google.com\/analytics\/terms\/de.html<\/a> und <a href=\"https:\/\/www.google.de\/intl\/de\/policies\/\" target=\"_blank\" rel=\"noopener noreferrer\">https:\/\/www.google.de\/intl\/de\/policies\/<\/a>.<\/p>\n<p><strong>Google Adsense<\/strong><\/p>\n<p>Diese Website benutzt Google Adsense, einen Werbeanzeigendienst der Google Inc. (&#8222;Google&#8220;), 1600 Amphitheatre Parkway,<br \/>\nMountain View, CA 94043, USA. Google Adsense verwendet sog. &#8222;Cookies&#8220; (Textdateien), die auf Ihrem Computer gespeichert<br \/>\nwerden und die eine Analyse der Benutzung der Website durch Sie erm\u00f6glichen. F\u00fcr die Auswertung verwendet<br \/>\nGoogle Adsense zus\u00e4tzlich sog. &#8222;Web Beacons&#8220; (kleine unsichtbare Grafiken), welche z. B. Informationen wie den<br \/>\nBesucherverkehr auf der Seite erzeugen. Diese gesammelten Informationen (einschlie\u00dflich Ihrer IP-Adresse) werden in<br \/>\nder Regel an einen Server von Google in den USA \u00fcbertragen und dort gespeichert. Die Informationen verwendet Google,<br \/>\num Ihre Nutzung der Website im Hinblick auf die Werbeanzeigen zu analysieren und so Auswertungen \u00fcber die<br \/>\nWebsiteaktivit\u00e4ten und Werbeanzeigen f\u00fcr die Betreiber der Website vornehmen zu k\u00f6nnen sowie weitere<br \/>\nDienstleistungen in Bezug auf die Websitenutzung und Internetnutzung erbringen zu k\u00f6nnen. Die von Google gesammelten<br \/>\nInformationen k\u00f6nnen an Dritte, durch Vertrag oder durch gesetzliche Vorschriften, von Google weitergegeben werden.<br \/>\nGoogle wird Ihre IP-Adresse nicht mit anderen von Ihnen gespeicherten Daten verkn\u00fcpfen.<\/p>\n<p>Sie k\u00f6nnen die Speicherung der Cookies und die Anzeige der Web Beacons durch eine entsprechende Einstellung Ihrer<br \/>\nBrowser-Software verhindern; wir weisen Sie jedoch darauf hin, dass Sie in diesem Fall gegebenenfalls nicht<br \/>\ns\u00e4mtliche Funktionen dieser Website vollumf\u00e4nglich nutzen k\u00f6nnen.<\/p>\n<p>Durch die Nutzung dieser Website erkl\u00e4ren Sie sich mit der Bearbeitung der \u00fcber Sie erhobenen Daten durch<br \/>\nGoogle in der zuvor beschriebenen Art und Weise und zu dem zuvor benannten Zweck einverstanden.<\/p>\n<p><strong>Datenschutzerkl\u00e4rung Google AdWords Conversion-Tracking<\/strong><\/p>\n<p>Auf dieser Website ist das Plugin f\u00fcr die &#8222;Google AdWords Conversion-Tracking&#8220;-Funktion der Google Inc.<br \/>\n(&#8222;Google&#8220;), 1600 Amphitheatre Parkway, Mountain View, CA 94043, USA implementiert. Hierf\u00fcr werden sog. &#8222;Cookies&#8220;<br \/>\n(Textdateien), die auf Ihrem Computer gespeichert werden und die eine Analyse der Benutzung der Website durch Sie<br \/>\nerm\u00f6glichen, wenn Sie auf eine Anzeige von Google geklickt haben, verwendet. Die durch das Cookie erzeugten<br \/>\nInformationen \u00fcber Ihre Benutzung dieser Website werden f\u00fcr 90 Tage gespeichert. Personalisierte Daten werden<br \/>\ndabei nicht gespeichert. F\u00fcr die G\u00fcltigkeitsdauer k\u00f6nnen Google und wir als Betreiber erkennen, dass Sie<br \/>\neine Anzeige angeklickt haben und zu einer entsprechenden Zielsite gelangt sind. Die gespeicherten Cookies k\u00f6nnen<br \/>\nnicht \u00fcber mehrere Websites von verschiedenen AdWords-Kunden verfolgt werden. Es werden im Google AdWords-Dienst<br \/>\nsog. Conversion-Statistiken erhoben, welche die Anzahl der Nutzer, die auf eine Anzeige geklickt haben, erfasst.<br \/>\nZus\u00e4tzlich wird beziffert, wie viele Nutzer zu einer &#8222;Conversion-Tag-Zielsite&#8220; verlinkt wurden.<\/p>\n<p>Sie k\u00f6nnen die Speicherung der Cookies durch eine entsprechende Einstellung Ihrer Browser-Software verhindern;<br \/>\nwir weisen Sie jedoch darauf hin, dass Sie in diesem Fall gegebenenfalls nicht s\u00e4mtliche Funktionen dieser Website<br \/>\nvollumf\u00e4nglich nutzen k\u00f6nnen.<\/p>\n<p>Durch die Nutzung dieser Website erkl\u00e4ren Sie sich mit der Bearbeitung der \u00fcber Sie erhobenen Daten durch<br \/>\nGoogle in der zuvor beschriebenen Art und Weise und zu dem zuvor benannten Zweck einverstanden.<\/p>\n<p>Weitere Informationen zu Nutzungsbedingungen und Datenschutz finden Sie unter folgenden Links: <a href=\"https:\/\/support.google.com\/adwords\/answer\/93148?ctx=tltp\" target=\"_blank\" rel=\"noopener noreferrer\">https:\/\/support.google.com\/adwords\/answer\/93148?ctx=tltp<\/a><br \/>\nund <a href=\"http:\/\/www.google.de\/policies\/privacy\/\" target=\"_blank\" rel=\"noopener noreferrer\">http:\/\/www.google.de\/policies\/privacy\/<\/a>.<\/p>\n<p><strong>Disclaimer (Haftungsausschluss)<\/strong><\/p>\n<p><strong>1. Haftung f\u00fcr Inhalte<\/strong><\/p>\n<p>Als Diensteanbieter sind wir gem\u00e4\u00df \u00a7 7 Abs. 1 TMG f\u00fcr eigene Inhalte auf diesen Seiten nach den<br \/>\nallgemeinen Gesetzen verantwortlich. Nach \u00a7\u00a7 8 bis 10 TMG sind wir als Diensteanbieter jedoch nicht<br \/>\nverpflichtet, \u00fcbermittelte oder gespeicherte fremde Informationen zu \u00fcberwachen oder nach Umst\u00e4nden zu<br \/>\nforschen, die auf eine rechtswidrige T\u00e4tigkeit hinweisen. Verpflichtungen zur Entfernung oder Sperrung der Nutzung<br \/>\nvon Informationen nach den allgemeinen Gesetzen bleiben hiervon unber\u00fchrt. Eine diesbez\u00fcgliche Haftung ist<br \/>\njedoch erst ab dem Zeitpunkt der Kenntnis einer konkreten Rechtsverletzung m\u00f6glich. Bei Bekanntwerden von<br \/>\nentsprechenden Rechtsverletzungen werden wir diese Inhalte umgehend entfernen.<\/p>\n<p><strong>2. Haftung f\u00fcr Links<\/strong><\/p>\n<p>Diese Website enth\u00e4lt Links zu externen Webseiten Dritter, auf deren Inhalte kein Einfluss genommen werden kann.<br \/>\nDeshalb kann f\u00fcr diese fremden Inhalte auch keine Gew\u00e4hr \u00fcbernommen werden. F\u00fcr die Inhalte der<br \/>\nverlinkten Seiten ist stets der jeweilige Anbieter oder Betreiber der Seiten verantwortlich. Die verlinkten Seiten wurden<br \/>\nzum Zeitpunkt der Verlinkung auf m\u00f6gliche Rechtsverst\u00f6\u00dfe \u00fcberpr\u00fcft. Rechtswidrige Inhalte waren<br \/>\nzum Zeitpunkt der Verlinkung nicht erkennbar. Eine permanente inhaltliche Kontrolle der verlinkten Seiten ist jedoch ohne<br \/>\nkonkrete Anhaltspunkte einer Rechtsverletzung nicht zumutbar. Bei Bekanntwerden von Rechtsverletzungen werden derartige<br \/>\nLinks umgehend von dieser Website auf die rechtsverletzende Site entfernen.<\/p>\n<p><strong>3. Urheberrecht<\/strong><\/p>\n<p>Die durch die Diensteanbieter, deren Mitarbeiter und beauftragte Dritte erstellten Inhalte und Werke auf diesen Seiten<br \/>\nunterliegen dem deutschen Urheberrecht. Die Vervielf\u00e4ltigung, Bearbeitung, Verbreitung und jede Art der Verwertung<br \/>\nau\u00dferhalb der Grenzen des Urheberrechtes bed\u00fcrfen der vorherigen schriftlichen Zustimmung des jeweiligen Autors<br \/>\nbzw. Erstellers. Downloads und Kopien dieser Seite sind nur f\u00fcr den privaten, nicht kommerziellen Gebrauch<br \/>\ngestattet. Soweit die Inhalte auf dieser Seite nicht vom Betreiber erstellt wurden, werden die Urheberrechte Dritter<br \/>\nbeachtet. Insbesondere werden Inhalte Dritter als solche gekennzeichnet. Sollten Sie trotzdem auf eine<br \/>\nUrheberrechtsverletzung aufmerksam werden, bitten wir um einen entsprechenden Hinweis. Bei Bekanntwerden von<br \/>\nRechtsverletzungen werden derartige Inhalte umgehend entfernen.<\/p>\n","protected":false},"excerpt":{"rendered":"<p>Impressum Reza Khodamehri Sheijani Simon-Dach-Str. 25 10245 Berlin Tel: +49 30 220 16 464 reza@khodamehri.com Disclaimer &#8211; rechtliche Hinweise Auskunfts- und Widerrufsrecht Sie haben jederzeit das Recht, sich unentgeltlich und unverz\u00fcglich \u00fcber die zu Ihrer Person erhobenen Daten zu erkundigen. Ebenfalls k\u00f6nnen Sie Ihre Zustimmung zur Verwendung Ihrer angegebenen pers\u00f6nlichen Daten mit Wirkung f\u00fcr die&#8230;<\/p>\n","protected":false},"author":1,"featured_media":0,"parent":0,"menu_order":0,"comment_status":"closed","ping_status":"closed","template":"","meta":{"_kad_post_transparent":"","_kad_post_title":"hide","_kad_post_layout":"","_kad_post_sidebar_id":"","_kad_post_content_style":"","_kad_post_vertical_padding":"","_kad_post_feature":"","_kad_post_feature_position":"","_kad_post_header":false,"_kad_post_footer":false,"_kad_post_classname":"","footnotes":""},"class_list":["post-1562","page","type-page","status-publish","hentry"],"_links":{"self":[{"href":"https:\/\/khodamehri.com\/de\/wp-json\/wp\/v2\/pages\/1562","targetHints":{"allow":["GET"]}}],"collection":[{"href":"https:\/\/khodamehri.com\/de\/wp-json\/wp\/v2\/pages"}],"about":[{"href":"https:\/\/khodamehri.com\/de\/wp-json\/wp\/v2\/types\/page"}],"author":[{"embeddable":true,"href":"https:\/\/khodamehri.com\/de\/wp-json\/wp\/v2\/users\/1"}],"replies":[{"embeddable":true,"href":"https:\/\/khodamehri.com\/de\/wp-json\/wp\/v2\/comments?post=1562"}],"version-history":[{"count":0,"href":"https:\/\/khodamehri.com\/de\/wp-json\/wp\/v2\/pages\/1562\/revisions"}],"wp:attachment":[{"href":"https:\/\/khodamehri.com\/de\/wp-json\/wp\/v2\/media?parent=1562"}],"curies":[{"name":"wp","href":"https:\/\/api.w.org\/{rel}","templated":true}]}}