{"id":2113,"date":"2020-11-29T22:01:27","date_gmt":"2020-11-29T21:01:27","guid":{"rendered":"https:\/\/khodamehri.com\/home\/"},"modified":"2025-06-13T02:48:50","modified_gmt":"2025-06-13T00:48:50","slug":"home","status":"publish","type":"page","link":"https:\/\/khodamehri.com\/de\/","title":{"rendered":"Home"},"content":{"rendered":"<style>.kb-row-layout-wrap.wp-block-kadence-rowlayout.kb-row-layout-id2113_9955a7-8c{margin-top:-17px;margin-bottom:0px;}.kb-row-layout-id2113_9955a7-8c > .kt-row-column-wrap{align-content:start;}:where(.kb-row-layout-id2113_9955a7-8c > .kt-row-column-wrap) > .wp-block-kadence-column{justify-content:start;}.kb-row-layout-id2113_9955a7-8c > .kt-row-column-wrap{column-gap:var(--global-kb-gap-md, 2rem);row-gap:var(--global-kb-gap-md, 2rem);padding-top:0px;padding-right:178px;padding-bottom:0px;padding-left:178px;grid-template-columns:minmax(0, 1fr);}.kb-row-layout-id2113_9955a7-8c{background-image:url('https:\/\/khodamehri.com\/wp-content\/uploads\/2022\/02\/kt_01_background_image.jpg');background-size:cover;background-position:center center;background-attachment:scroll;background-repeat:no-repeat;}.kb-row-layout-id2113_9955a7-8c > .kt-row-layout-overlay{opacity:0.52;background:linear-gradient(180deg, #f54f07 23%, rgba(187, 144, 70, 0.44) 100%);}.kb-row-layout-id2113_9955a7-8c .kt-row-layout-bottom-sep{height:100px;}.kb-row-layout-id2113_9955a7-8c .kt-row-layout-bottom-sep svg{width:100%;}.kb-row-layout-id2113_9955a7-8c .kt-row-layout-bottom-sep svg{fill:#ffffff!important;}@media all and (max-width: 1024px){.kb-row-layout-id2113_9955a7-8c > .kt-row-column-wrap{grid-template-columns:minmax(0, 1fr);}}@media all and (max-width: 1024px){.kb-row-layout-id2113_9955a7-8c .kt-row-layout-bottom-sep{height:px;}}@media all and (max-width: 1024px){.kb-row-layout-id2113_9955a7-8c .kt-row-layout-bottom-sep svg{width:%;}}@media all and (max-width: 767px){.kb-row-layout-id2113_9955a7-8c > .kt-row-column-wrap{padding-right:17px;padding-left:17px;grid-template-columns:minmax(0, 1fr);}.kb-row-layout-id2113_9955a7-8c .kt-row-layout-bottom-sep{height:px;}.kb-row-layout-id2113_9955a7-8c .kt-row-layout-bottom-sep svg{width:%;}}<\/style><div class=\"kb-row-layout-wrap kb-row-layout-id2113_9955a7-8c alignnone has-theme-palette8-background-color kt-row-has-bg wp-block-kadence-rowlayout\"><div class=\"kt-row-layout-overlay kt-row-overlay-gradient\"><\/div><div class=\"kt-row-column-wrap kt-has-1-columns kt-row-layout-equal kt-tab-layout-inherit kt-mobile-layout-row kt-row-valign-top\">\n<style>.kadence-column2113_fff1b0-58 > .kt-inside-inner-col,.kadence-column2113_fff1b0-58 > .kt-inside-inner-col:before{border-top-left-radius:0px;border-top-right-radius:0px;border-bottom-right-radius:0px;border-bottom-left-radius:0px;}.kadence-column2113_fff1b0-58 > .kt-inside-inner-col{column-gap:var(--global-kb-gap-sm, 1rem);}.kadence-column2113_fff1b0-58 > .kt-inside-inner-col{flex-direction:column;}.kadence-column2113_fff1b0-58 > .kt-inside-inner-col > .aligncenter{width:100%;}.kadence-column2113_fff1b0-58 > .kt-inside-inner-col:before{opacity:0.3;}.kadence-column2113_fff1b0-58{position:relative;}@media all and (max-width: 1024px){.kadence-column2113_fff1b0-58 > .kt-inside-inner-col{flex-direction:column;justify-content:center;}}@media all and (max-width: 767px){.kadence-column2113_fff1b0-58 > .kt-inside-inner-col{flex-direction:column;justify-content:center;}}<\/style>\n<div class=\"wp-block-kadence-column kadence-column2113_fff1b0-58 inner-column-1\"><div class=\"kt-inside-inner-col\"><style>.kb-row-layout-id2113_2b0d77-c2 > .kt-row-column-wrap{align-content:start;}:where(.kb-row-layout-id2113_2b0d77-c2 > .kt-row-column-wrap) > .wp-block-kadence-column{justify-content:start;}.kb-row-layout-id2113_2b0d77-c2 > .kt-row-column-wrap{column-gap:var(--global-kb-gap-md, 2rem);row-gap:var(--global-kb-gap-md, 2rem);padding-top:153px;padding-bottom:25px;grid-template-columns:minmax(0, 1fr);}.kb-row-layout-id2113_2b0d77-c2 > .kt-row-layout-overlay{opacity:0.30;}@media all and (max-width: 1024px){.kb-row-layout-id2113_2b0d77-c2 > .kt-row-column-wrap{grid-template-columns:minmax(0, 1fr);}}@media all and (max-width: 767px){.kb-row-layout-id2113_2b0d77-c2 > .kt-row-column-wrap{grid-template-columns:minmax(0, 1fr);}}<\/style><div class=\"kb-row-layout-wrap kb-row-layout-id2113_2b0d77-c2 alignnone wp-block-kadence-rowlayout\"><div class=\"kt-row-column-wrap kt-has-1-columns kt-row-layout-equal kt-tab-layout-inherit kt-mobile-layout-row kt-row-valign-top\">\n<style>.kadence-column2113_88240d-41 > .kt-inside-inner-col,.kadence-column2113_88240d-41 > .kt-inside-inner-col:before{border-top-left-radius:0px;border-top-right-radius:0px;border-bottom-right-radius:0px;border-bottom-left-radius:0px;}.kadence-column2113_88240d-41 > .kt-inside-inner-col{column-gap:var(--global-kb-gap-sm, 1rem);}.kadence-column2113_88240d-41 > .kt-inside-inner-col{flex-direction:column;}.kadence-column2113_88240d-41 > .kt-inside-inner-col > .aligncenter{width:100%;}.kadence-column2113_88240d-41 > .kt-inside-inner-col:before{opacity:0.3;}.kadence-column2113_88240d-41{position:relative;}@media all and (max-width: 1024px){.kadence-column2113_88240d-41 > .kt-inside-inner-col{flex-direction:column;justify-content:center;}}@media all and (max-width: 767px){.kadence-column2113_88240d-41 > .kt-inside-inner-col{flex-direction:column;justify-content:center;}}<\/style>\n<div class=\"wp-block-kadence-column kadence-column2113_88240d-41 inner-column-1\"><div class=\"kt-inside-inner-col\"><style>.wp-block-kadence-advancedheading.kt-adv-heading2113_60787f-1d, .wp-block-kadence-advancedheading.kt-adv-heading2113_60787f-1d[data-kb-block=\"kb-adv-heading2113_60787f-1d\"]{text-align:center;font-size:79px;line-height:85px;font-weight:400;font-style:normal;font-family:RsWEBbold;letter-spacing:-0.3px;color:#ffffff;}.wp-block-kadence-advancedheading.kt-adv-heading2113_60787f-1d mark.kt-highlight, .wp-block-kadence-advancedheading.kt-adv-heading2113_60787f-1d[data-kb-block=\"kb-adv-heading2113_60787f-1d\"] mark.kt-highlight{font-style:normal;color:#f76a0c;-webkit-box-decoration-break:clone;box-decoration-break:clone;padding-top:0px;padding-right:0px;padding-bottom:0px;padding-left:0px;}.wp-block-kadence-advancedheading.kt-adv-heading2113_60787f-1d img.kb-inline-image, .wp-block-kadence-advancedheading.kt-adv-heading2113_60787f-1d[data-kb-block=\"kb-adv-heading2113_60787f-1d\"] img.kb-inline-image{width:150px;vertical-align:baseline;}@media all and (max-width: 1024px){.wp-block-kadence-advancedheading.kt-adv-heading2113_60787f-1d, .wp-block-kadence-advancedheading.kt-adv-heading2113_60787f-1d[data-kb-block=\"kb-adv-heading2113_60787f-1d\"]{font-size:60px;line-height:50px;}}@media all and (max-width: 767px){.wp-block-kadence-advancedheading.kt-adv-heading2113_60787f-1d, .wp-block-kadence-advancedheading.kt-adv-heading2113_60787f-1d[data-kb-block=\"kb-adv-heading2113_60787f-1d\"]{font-size:50px;line-height:50px;}}<\/style>\n<h1 class=\"kt-adv-heading2113_60787f-1d wp-block-kadence-advancedheading\" data-kb-block=\"kb-adv-heading2113_60787f-1d\">Khodamehri Mental Care<\/h1>\n\n\n<style>.wp-block-kadence-advancedheading.kt-adv-heading2113_4c0824-78, .wp-block-kadence-advancedheading.kt-adv-heading2113_4c0824-78[data-kb-block=\"kb-adv-heading2113_4c0824-78\"]{display:block;text-align:center;font-style:normal;color:#faf6f6;}.wp-block-kadence-advancedheading.kt-adv-heading2113_4c0824-78 mark.kt-highlight, .wp-block-kadence-advancedheading.kt-adv-heading2113_4c0824-78[data-kb-block=\"kb-adv-heading2113_4c0824-78\"] mark.kt-highlight{font-style:normal;color:#f76a0c;-webkit-box-decoration-break:clone;box-decoration-break:clone;padding-top:0px;padding-right:0px;padding-bottom:0px;padding-left:0px;}.wp-block-kadence-advancedheading.kt-adv-heading2113_4c0824-78 img.kb-inline-image, .wp-block-kadence-advancedheading.kt-adv-heading2113_4c0824-78[data-kb-block=\"kb-adv-heading2113_4c0824-78\"] img.kb-inline-image{width:150px;vertical-align:baseline;}<\/style>\n<span class=\"kt-adv-heading2113_4c0824-78 wp-block-kadence-advancedheading\" data-kb-block=\"kb-adv-heading2113_4c0824-78\"><a href=\"tel:+493022016464\">+49 30 220 16 464<\/a><\/span>\n\n\n<style>.wp-block-kadence-advancedheading.kt-adv-heading2113_d7f9c5-bb, .wp-block-kadence-advancedheading.kt-adv-heading2113_d7f9c5-bb[data-kb-block=\"kb-adv-heading2113_d7f9c5-bb\"]{display:block;text-align:center;line-height:5px;font-style:normal;color:#f8f5f5;}.wp-block-kadence-advancedheading.kt-adv-heading2113_d7f9c5-bb mark.kt-highlight, .wp-block-kadence-advancedheading.kt-adv-heading2113_d7f9c5-bb[data-kb-block=\"kb-adv-heading2113_d7f9c5-bb\"] mark.kt-highlight{font-style:normal;color:#f76a0c;-webkit-box-decoration-break:clone;box-decoration-break:clone;padding-top:0px;padding-right:0px;padding-bottom:0px;padding-left:0px;}.wp-block-kadence-advancedheading.kt-adv-heading2113_d7f9c5-bb img.kb-inline-image, .wp-block-kadence-advancedheading.kt-adv-heading2113_d7f9c5-bb[data-kb-block=\"kb-adv-heading2113_d7f9c5-bb\"] img.kb-inline-image{width:150px;vertical-align:baseline;}<\/style>\n<span class=\"kt-adv-heading2113_d7f9c5-bb wp-block-kadence-advancedheading\" data-kb-block=\"kb-adv-heading2113_d7f9c5-bb\">Cornelius-Fredericks-Str 14, 13351 Berlin<\/span>\n\n\n<style>.wp-block-kadence-advancedbtn.kt-btns2113_3ed889-3c, .site .entry-content .wp-block-kadence-advancedbtn.kt-btns2113_3ed889-3c, .wp-block-kadence-advancedbtn.kb-btns2113_3ed889-3c, .site .entry-content .wp-block-kadence-advancedbtn.kb-btns2113_3ed889-3c{margin-top:10px;}.wp-block-kadence-advancedbtn.kb-btns2113_3ed889-3c{gap:var(--global-kb-gap-xs, 0.5rem );justify-content:center;align-items:center;}.kt-btns2113_3ed889-3c .kt-button{font-weight:normal;font-style:normal;}<\/style>\n<div class=\"wp-block-kadence-advancedbtn kb-buttons-wrap kb-btns2113_3ed889-3c\"><style>ul.menu .wp-block-kadence-advancedbtn .kb-btn2113_e32421-3b.kb-button{width:initial;}.wp-block-kadence-advancedbtn .kb-btn2113_e32421-3b.kb-button{color:var(--global-palette8, #F7FAFC);background:#e25822;font-family:RsWEBbold;border-top-left-radius:0px;border-top-right-radius:0px;border-bottom-right-radius:0px;border-bottom-left-radius:0px;border-top:0px solid #555555;border-right:0px solid #555555;border-bottom:0px solid #555555;border-left:0px solid #555555;}.wp-block-kadence-advancedbtn .kb-btn2113_e32421-3b.kb-button:hover, .wp-block-kadence-advancedbtn .kb-btn2113_e32421-3b.kb-button:focus{color:#ffffff;background:#444444;border-top-color:#444444;border-top-style:solid;border-right-color:#444444;border-right-style:solid;border-bottom-color:#444444;border-bottom-style:solid;border-left-color:#444444;border-left-style:solid;}@media all and (max-width: 1024px){.wp-block-kadence-advancedbtn .kb-btn2113_e32421-3b.kb-button{border-top:0px solid #555555;border-right:0px solid #555555;border-bottom:0px solid #555555;border-left:0px solid #555555;}}@media all and (max-width: 1024px){.wp-block-kadence-advancedbtn .kb-btn2113_e32421-3b.kb-button:hover, .wp-block-kadence-advancedbtn .kb-btn2113_e32421-3b.kb-button:focus{border-top-color:#444444;border-top-style:solid;border-right-color:#444444;border-right-style:solid;border-bottom-color:#444444;border-bottom-style:solid;border-left-color:#444444;border-left-style:solid;}}@media all and (max-width: 767px){.wp-block-kadence-advancedbtn .kb-btn2113_e32421-3b.kb-button{border-top:0px solid #555555;border-right:0px solid #555555;border-bottom:0px solid #555555;border-left:0px solid #555555;}.wp-block-kadence-advancedbtn .kb-btn2113_e32421-3b.kb-button:hover, .wp-block-kadence-advancedbtn .kb-btn2113_e32421-3b.kb-button:focus{border-top-color:#444444;border-top-style:solid;border-right-color:#444444;border-right-style:solid;border-bottom-color:#444444;border-bottom-style:solid;border-left-color:#444444;border-left-style:solid;}}<\/style><a class=\"kb-button kt-button button kb-btn2113_e32421-3b kt-btn-size-large kt-btn-width-type-auto kb-btn-global-fill  kt-btn-has-text-true kt-btn-has-svg-false  wp-block-kadence-singlebtn\" href=\"https:\/\/khodamehri.com\/de\/hypnosetherapie-berlin\/\"><span class=\"kt-btn-inner-text\">Mehr erfahren<\/span><\/a><\/div>\n<\/div><\/div>\n\n<\/div><\/div><\/div><\/div>\n\n<\/div><\/div>\n\n<style>.kb-row-layout-id2113_277936-40 > .kt-row-column-wrap{align-content:start;}:where(.kb-row-layout-id2113_277936-40 > .kt-row-column-wrap) > .wp-block-kadence-column{justify-content:start;}.kb-row-layout-id2113_277936-40 > .kt-row-column-wrap{column-gap:var(--global-kb-gap-md, 2rem);row-gap:var(--global-kb-gap-md, 2rem);padding-top:25px;padding-right:0px;padding-bottom:0px;padding-left:0px;grid-template-columns:minmax(0, calc(55% - ((var(--global-kb-gap-md, 2rem) * 1 )\/2)))minmax(0, calc(45% - ((var(--global-kb-gap-md, 2rem) * 1 )\/2)));}.kb-row-layout-id2113_277936-40{background-color:#f1f5ef;}.kb-row-layout-id2113_277936-40 > .kt-row-layout-overlay{opacity:0.30;}.kb-row-layout-id2113_277936-40 .kt-row-layout-bottom-sep{height:100px;}.kb-row-layout-id2113_277936-40 .kt-row-layout-bottom-sep svg{width:100%;}.kb-row-layout-id2113_277936-40 .kt-row-layout-bottom-sep svg{fill:#ffffff!important;}@media all and (max-width: 1024px){.kb-row-layout-id2113_277936-40 > .kt-row-column-wrap{grid-template-columns:repeat(2, minmax(0, 1fr));}}@media all and (max-width: 1024px){.kb-row-layout-id2113_277936-40 .kt-row-layout-bottom-sep{height:px;}}@media all and (max-width: 1024px){.kb-row-layout-id2113_277936-40 .kt-row-layout-bottom-sep svg{width:%;}}@media all and (max-width: 767px){.kb-row-layout-id2113_277936-40 > .kt-row-column-wrap{grid-template-columns:minmax(0, 1fr);}.kb-row-layout-id2113_277936-40 .kt-row-layout-bottom-sep{height:px;}.kb-row-layout-id2113_277936-40 .kt-row-layout-bottom-sep svg{width:%;}}<\/style><div class=\"kb-row-layout-wrap kb-row-layout-id2113_277936-40 alignnone kt-row-has-bg wp-block-kadence-rowlayout\"><div class=\"kt-row-column-wrap kt-has-2-columns kt-row-layout-equal kt-tab-layout-inherit kt-mobile-layout-row kt-row-valign-top\">\n<style>.kadence-column2113_88044b-32 > .kt-inside-inner-col{padding-right:30px;padding-left:50px;}.kadence-column2113_88044b-32 > .kt-inside-inner-col,.kadence-column2113_88044b-32 > .kt-inside-inner-col:before{border-top-left-radius:0px;border-top-right-radius:0px;border-bottom-right-radius:0px;border-bottom-left-radius:0px;}.kadence-column2113_88044b-32 > .kt-inside-inner-col{column-gap:var(--global-kb-gap-sm, 1rem);}.kadence-column2113_88044b-32 > .kt-inside-inner-col{flex-direction:column;}.kadence-column2113_88044b-32 > .kt-inside-inner-col > .aligncenter{width:100%;}.kadence-column2113_88044b-32 > .kt-inside-inner-col:before{opacity:0.3;}.kadence-column2113_88044b-32{position:relative;}@media all and (max-width: 1024px){.kadence-column2113_88044b-32 > .kt-inside-inner-col{flex-direction:column;justify-content:center;}}@media all and (max-width: 767px){.kadence-column2113_88044b-32 > .kt-inside-inner-col{padding-right:30px;padding-left:30px;flex-direction:column;justify-content:center;}}<\/style>\n<div class=\"wp-block-kadence-column kadence-column2113_88044b-32 inner-column-1\"><div class=\"kt-inside-inner-col\"><style>.wp-block-kadence-spacer.kt-block-spacer-2113_0c9db9-2a .kt-block-spacer{height:76px;}.wp-block-kadence-spacer.kt-block-spacer-2113_0c9db9-2a .kt-divider{border-top-width:1px;height:1px;border-top-color:#eee;width:80%;border-top-style:solid;}@media all and (max-width: 1024px){.wp-block-kadence-spacer.kt-block-spacer-2113_0c9db9-2a .kt-block-spacer{height:6px!important;}}@media all and (max-width: 767px){.wp-block-kadence-spacer.kt-block-spacer-2113_0c9db9-2a .kt-block-spacer{height:6px!important;}}<\/style>\n<div class=\"wp-block-kadence-spacer aligncenter kt-block-spacer-2113_0c9db9-2a\"><div class=\"kt-block-spacer kt-block-spacer-halign-center\"><\/div><\/div>\n\n\n<style>.wp-block-kadence-spacer.kt-block-spacer-2113_298ab7-e6 .kt-block-spacer{height:6px;}.wp-block-kadence-spacer.kt-block-spacer-2113_298ab7-e6 .kt-divider{border-top-width:1px;height:1px;border-top-color:#eee;width:80%;border-top-style:solid;}<\/style>\n<div class=\"wp-block-kadence-spacer aligncenter kt-block-spacer-2113_298ab7-e6\"><div class=\"kt-block-spacer kt-block-spacer-halign-center\"><\/div><\/div>\n\n\n\n<hr class=\"wp-block-separator has-text-color has-css-opacity has-background is-style-default\" style=\"background-color:#e25822;color:#e25822\"\/>\n\n\n\n<p><strong>\u00dcber Reza Khodamehri<\/strong><br>Als zertifizierter Hypnotherapeut und Psychologischer Berater verf\u00fcge ich \u00fcber langj\u00e4hrige Erfahrung in der erfolgreichen Begleitung von Klientinnen und Klienten durch Hypnose. Im Mittelpunkt meiner Arbeit stehen Empathie, Respekt und echte Begegnung \u2013 ich begegne jedem Menschen auf Augenh\u00f6he und sehe den Klienten stets als aktiven Gestalter seiner eigenen Heilungsreise.<\/p>\n\n\n\n<p>Meine therapeutische Ausbildung absolvierte ich bei Gerald Klein, einem international angesehenen amerikanischen Hypnotherapeuten. Die fundierten Methoden dieser Schule pr\u00e4gen meine Praxis bis heute \u2013 ebenso wie meine Begeisterung f\u00fcr technologische Innovationen.<\/p>\n\n\n\n<p>Durch die Verbindung klassischer Hypnosetherapie mit modernster KI-Technologie entwickle ich heute intelligente L\u00f6sungen, die nicht nur therapeutische Tiefe bewahren, sondern auch neue Wege f\u00fcr eine zug\u00e4ngliche, kontinuierliche und menschlich gepr\u00e4gte Klientenbetreuung er\u00f6ffnen.<\/p>\n\n\n\n<p><strong>Meine Arbeit: Hypnosetherapie trifft auf digitale Intelligenz \u2013 f\u00fcr echte Ver\u00e4nderung im Hier und Jetzt.<\/strong><\/p>\n\n\n<style>.wp-block-kadence-advancedbtn.kb-btns2113_66df30-b2{gap:var(--global-kb-gap-xs, 0.5rem );justify-content:center;align-items:center;}.kt-btns2113_66df30-b2 .kt-button{font-weight:normal;font-style:normal;}<\/style>\n<div class=\"wp-block-kadence-advancedbtn kb-buttons-wrap kb-btns2113_66df30-b2\"><style>ul.menu .wp-block-kadence-advancedbtn .kb-btn2113_2a71b6-75.kb-button{width:initial;}.wp-block-kadence-advancedbtn .kb-btn2113_2a71b6-75.kb-button{color:var(--global-palette9, #ffffff);background:#e25822;font-family:RsWEBbold;border-top:7px solid #e25822;border-right:7px solid #e25822;border-bottom:7px solid #e25822;border-left:7px solid #e25822;}.wp-block-kadence-advancedbtn .kb-btn2113_2a71b6-75.kb-button:hover, .wp-block-kadence-advancedbtn .kb-btn2113_2a71b6-75.kb-button:focus{color:#ffffff;background:#444444;border-top-color:#444444;border-top-style:solid;border-right-color:#444444;border-right-style:solid;border-bottom-color:#444444;border-bottom-style:solid;border-left-color:#444444;border-left-style:solid;}@media all and (max-width: 1024px){.wp-block-kadence-advancedbtn .kb-btn2113_2a71b6-75.kb-button{border-top:7px solid #e25822;border-right:7px solid #e25822;border-bottom:7px solid #e25822;border-left:7px solid #e25822;}}@media all and (max-width: 1024px){.wp-block-kadence-advancedbtn .kb-btn2113_2a71b6-75.kb-button:hover, .wp-block-kadence-advancedbtn .kb-btn2113_2a71b6-75.kb-button:focus{border-top-color:#444444;border-top-style:solid;border-right-color:#444444;border-right-style:solid;border-bottom-color:#444444;border-bottom-style:solid;border-left-color:#444444;border-left-style:solid;}}@media all and (max-width: 767px){.wp-block-kadence-advancedbtn .kb-btn2113_2a71b6-75.kb-button{border-top:7px solid #e25822;border-right:7px solid #e25822;border-bottom:7px solid #e25822;border-left:7px solid #e25822;}.wp-block-kadence-advancedbtn .kb-btn2113_2a71b6-75.kb-button:hover, .wp-block-kadence-advancedbtn .kb-btn2113_2a71b6-75.kb-button:focus{border-top-color:#444444;border-top-style:solid;border-right-color:#444444;border-right-style:solid;border-bottom-color:#444444;border-bottom-style:solid;border-left-color:#444444;border-left-style:solid;}}<\/style><a class=\"kb-button kt-button button kb-btn2113_2a71b6-75 kt-btn-size-standard kt-btn-width-type-auto kb-btn-global-outline  kt-btn-has-text-true kt-btn-has-svg-false  wp-block-kadence-singlebtn\" href=\"https:\/\/calendly.com\/reza-khodamehri\/quick_call_about_hypnosis\" target=\"_blank\" rel=\"noopener\"><span class=\"kt-btn-inner-text\">Termin buchen<\/span><\/a><\/div>\n<\/div><\/div>\n\n\n<style>.kadence-column2113_163fad-4b > .kt-inside-inner-col,.kadence-column2113_163fad-4b > .kt-inside-inner-col:before{border-top-left-radius:0px;border-top-right-radius:0px;border-bottom-right-radius:0px;border-bottom-left-radius:0px;}.kadence-column2113_163fad-4b > .kt-inside-inner-col{column-gap:var(--global-kb-gap-sm, 1rem);}.kadence-column2113_163fad-4b > .kt-inside-inner-col{flex-direction:column;}.kadence-column2113_163fad-4b > .kt-inside-inner-col > .aligncenter{width:100%;}.kadence-column2113_163fad-4b > .kt-inside-inner-col:before{opacity:0.3;}.kadence-column2113_163fad-4b{position:relative;}@media all and (max-width: 1024px){.kadence-column2113_163fad-4b > .kt-inside-inner-col{flex-direction:column;justify-content:center;}}@media all and (max-width: 767px){.kadence-column2113_163fad-4b > .kt-inside-inner-col{flex-direction:column;justify-content:center;}}<\/style>\n<div class=\"wp-block-kadence-column kadence-column2113_163fad-4b inner-column-2\"><div class=\"kt-inside-inner-col\"><div class=\"wp-block-image\">\n<figure class=\"aligncenter size-full\"><img loading=\"lazy\" decoding=\"async\" width=\"1838\" height=\"2560\" src=\"https:\/\/khodamehri.com\/wp-content\/uploads\/2025\/06\/1702493525105-scaled.jpg\" alt=\"\" class=\"wp-image-47771\" style=\"object-fit:cover\" srcset=\"https:\/\/khodamehri.com\/wp-content\/uploads\/2025\/06\/1702493525105-scaled.jpg 1838w, https:\/\/khodamehri.com\/wp-content\/uploads\/2025\/06\/1702493525105-215x300.jpg 215w, https:\/\/khodamehri.com\/wp-content\/uploads\/2025\/06\/1702493525105-735x1024.jpg 735w, https:\/\/khodamehri.com\/wp-content\/uploads\/2025\/06\/1702493525105-768x1070.jpg 768w, https:\/\/khodamehri.com\/wp-content\/uploads\/2025\/06\/1702493525105-1103x1536.jpg 1103w, https:\/\/khodamehri.com\/wp-content\/uploads\/2025\/06\/1702493525105-1470x2048.jpg 1470w, https:\/\/khodamehri.com\/wp-content\/uploads\/2025\/06\/1702493525105-600x836.jpg 600w\" sizes=\"auto, (max-width: 1838px) 100vw, 1838px\" \/><\/figure><\/div><\/div><\/div>\n\n<\/div><\/div>","protected":false},"excerpt":{"rendered":"<p>Khodamehri Mental Care +49 30 220 16 464 Cornelius-Fredericks-Str 14, 13351 Berlin \u00dcber Reza KhodamehriAls zertifizierter Hypnotherapeut und Psychologischer Berater verf\u00fcge ich \u00fcber langj\u00e4hrige Erfahrung in der erfolgreichen Begleitung von Klientinnen und Klienten durch Hypnose. Im Mittelpunkt meiner Arbeit stehen Empathie, Respekt und echte Begegnung \u2013 ich begegne jedem Menschen auf Augenh\u00f6he und sehe den&#8230;<\/p>\n","protected":false},"author":1,"featured_media":5372,"parent":0,"menu_order":0,"comment_status":"closed","ping_status":"closed","template":"","meta":{"_kad_post_transparent":"disable","_kad_post_title":"hide","_kad_post_layout":"fullwidth","_kad_post_sidebar_id":"","_kad_post_content_style":"unboxed","_kad_post_vertical_padding":"","_kad_post_feature":"","_kad_post_feature_position":"","_kad_post_header":false,"_kad_post_footer":false,"_kad_post_classname":"","footnotes":""},"class_list":["post-2113","page","type-page","status-publish","has-post-thumbnail","hentry"],"_links":{"self":[{"href":"https:\/\/khodamehri.com\/de\/wp-json\/wp\/v2\/pages\/2113","targetHints":{"allow":["GET"]}}],"collection":[{"href":"https:\/\/khodamehri.com\/de\/wp-json\/wp\/v2\/pages"}],"about":[{"href":"https:\/\/khodamehri.com\/de\/wp-json\/wp\/v2\/types\/page"}],"author":[{"embeddable":true,"href":"https:\/\/khodamehri.com\/de\/wp-json\/wp\/v2\/users\/1"}],"replies":[{"embeddable":true,"href":"https:\/\/khodamehri.com\/de\/wp-json\/wp\/v2\/comments?post=2113"}],"version-history":[{"count":12,"href":"https:\/\/khodamehri.com\/de\/wp-json\/wp\/v2\/pages\/2113\/revisions"}],"predecessor-version":[{"id":47864,"href":"https:\/\/khodamehri.com\/de\/wp-json\/wp\/v2\/pages\/2113\/revisions\/47864"}],"wp:featuredmedia":[{"embeddable":true,"href":"https:\/\/khodamehri.com\/de\/wp-json\/wp\/v2\/media\/5372"}],"wp:attachment":[{"href":"https:\/\/khodamehri.com\/de\/wp-json\/wp\/v2\/media?parent=2113"}],"curies":[{"name":"wp","href":"https:\/\/api.w.org\/{rel}","templated":true}]}}