{"id":5640,"date":"2021-01-20T15:45:34","date_gmt":"2021-02-13T16:54:43","guid":{"rendered":"https:\/\/khodamehri.com\/?post_type=product&#038;p=5640"},"modified":"2025-08-10T15:59:33","modified_gmt":"2025-08-10T13:59:33","slug":"selbst-hypnose-vorzeitiger-samenerguss","status":"publish","type":"product","link":"https:\/\/khodamehri.com\/de\/product\/selbst-hypnose-vorzeitiger-samenerguss\/","title":{"rendered":"Jetzt mit Hypnose vorzeitigen Samenerguss verhindern und l\u00e4nger durchhalten\u00a0"},"content":{"rendered":"<h2>Erfahre hier mehr dar\u00fcber\u00a0<\/h2>\n<p>Hast du auch schon einmal einen vorzeitigen Samenerguss gehabt und leidest vielleicht sogar darunter, weil du sehr oft zu fr\u00fch kommst? Hast du Sorge, dass dich deinen Freundin oder dein Freund deswegen irgendwann verlassen k\u00f6nnte? Oder meidest du gar Sex mit einer Frau oder einem Mann deswegen sogar? Dann bist du nicht alleine. Es gibt sehr viele M\u00e4nner, junge und alte, die unter einem vorzeitigen Samenerguss leiden und genau wie du auf der Suche nach Mitteln und Wegen sind, um dieses Problem loszuwerden. Wahrscheinlich hast du auch schon einiges ausprobiert, wie zum Beispiel den Einsatz von Cremes, Tabletten oder Spray und sicher hat dir das kurzfristig auch geholfen, aber langfristig bist du mit dem Einsatz von Medikamenten dein Problem nicht losgeworden.\u00a0<\/p>\n<!-- [element-7759] --><style>.kb-row-layout-id7759_2ec72c-0f > .kt-row-column-wrap{align-content:start;}:where(.kb-row-layout-id7759_2ec72c-0f > .kt-row-column-wrap) > .wp-block-kadence-column{justify-content:start;}.kb-row-layout-id7759_2ec72c-0f > .kt-row-column-wrap{column-gap:var(--global-kb-gap-md, 2rem);row-gap:var(--global-kb-gap-md, 2rem);max-width:var( --global-content-width, 1290px );padding-left:var(--global-content-edge-padding);padding-right:var(--global-content-edge-padding);padding-top:var(--global-kb-spacing-sm, 1.5rem);padding-bottom:var(--global-kb-spacing-sm, 1.5rem);grid-template-columns:minmax(0, 1fr);}.kb-row-layout-id7759_2ec72c-0f > .kt-row-layout-overlay{opacity:0.30;}@media all and (max-width: 1024px){.kb-row-layout-id7759_2ec72c-0f > .kt-row-column-wrap{grid-template-columns:minmax(0, 1fr);}}@media all and (max-width: 767px){.kb-row-layout-id7759_2ec72c-0f > .kt-row-column-wrap{grid-template-columns:minmax(0, 1fr);}}<\/style><div class=\"kb-row-layout-wrap kb-row-layout-id7759_2ec72c-0f alignfull wp-block-kadence-rowlayout\"><div class=\"kt-row-column-wrap kt-has-1-columns kt-row-layout-equal kt-tab-layout-inherit kt-mobile-layout-row kt-row-valign-top kb-theme-content-width\">\n<style>.kadence-column7759_03d7b6-cd > .kt-inside-inner-col,.kadence-column7759_03d7b6-cd > .kt-inside-inner-col:before{border-top-left-radius:0px;border-top-right-radius:0px;border-bottom-right-radius:0px;border-bottom-left-radius:0px;}.kadence-column7759_03d7b6-cd > .kt-inside-inner-col{column-gap:var(--global-kb-gap-sm, 1rem);}.kadence-column7759_03d7b6-cd > .kt-inside-inner-col{flex-direction:column;}.kadence-column7759_03d7b6-cd > .kt-inside-inner-col > .aligncenter{width:100%;}.kadence-column7759_03d7b6-cd > .kt-inside-inner-col:before{opacity:0.3;}.kadence-column7759_03d7b6-cd{position:relative;}@media all and (max-width: 1024px){.kadence-column7759_03d7b6-cd > .kt-inside-inner-col{flex-direction:column;justify-content:center;}}@media all and (max-width: 767px){.kadence-column7759_03d7b6-cd > .kt-inside-inner-col{flex-direction:column;justify-content:center;}}<\/style>\n<div class=\"wp-block-kadence-column kadence-column7759_03d7b6-cd inner-column-1\"><div class=\"kt-inside-inner-col\">\n<div class=\"wp-block-kadence-splitcontent aligncenter kt-sc_13dd36-3f\"><div class=\"kt-split-content-wrap kt-sc-media-side-left\" style=\"grid-template-columns:63% auto\"><div class=\"kt-sc-imgcol kt-sc-imgcol-bg-auto kt-sc-img-side-left\"><figure class=\"kt-split-content-media-image wp-image-container-11392\"><img loading=\"lazy\" decoding=\"async\" src=\"https:\/\/khodamehri.com\/wp-content\/uploads\/2023\/12\/khodamehri1.jpg\" alt=\"\" width=\"571\" height=\"795\" class=\"kt-split-content-img wp-image-11392\" srcset=\"https:\/\/khodamehri.com\/wp-content\/uploads\/2023\/12\/khodamehri1.jpg 571w, https:\/\/khodamehri.com\/wp-content\/uploads\/2023\/12\/khodamehri1-215x300.jpg 215w\" sizes=\"auto, (max-width: 571px) 100vw, 571px\" \/><\/figure><\/div><div class=\"kt-sc-textcol kt-sc-text-valign-center kt-sc-text-halign-center\" style=\"background-color:#fff;min-height:155px;box-shadow:20px 15px 25px -8px rgba(0, 0, 0, 0.2)\"><div class=\"kt-sc-innter-col\"><style>.wp-block-kadence-advancedheading.kt-adv-heading7759_5ec023-c8, .wp-block-kadence-advancedheading.kt-adv-heading7759_5ec023-c8[data-kb-block=\"kb-adv-heading7759_5ec023-c8\"]{font-size:20px;line-height:15px;font-style:normal;}.wp-block-kadence-advancedheading.kt-adv-heading7759_5ec023-c8 mark.kt-highlight, .wp-block-kadence-advancedheading.kt-adv-heading7759_5ec023-c8[data-kb-block=\"kb-adv-heading7759_5ec023-c8\"] mark.kt-highlight{font-style:normal;color:#f76a0c;-webkit-box-decoration-break:clone;box-decoration-break:clone;padding-top:0px;padding-right:0px;padding-bottom:0px;padding-left:0px;}.wp-block-kadence-advancedheading.kt-adv-heading7759_5ec023-c8 img.kb-inline-image, .wp-block-kadence-advancedheading.kt-adv-heading7759_5ec023-c8[data-kb-block=\"kb-adv-heading7759_5ec023-c8\"] img.kb-inline-image{width:150px;vertical-align:baseline;}@media all and (max-width: 767px){.wp-block-kadence-advancedheading.kt-adv-heading7759_5ec023-c8, .wp-block-kadence-advancedheading.kt-adv-heading7759_5ec023-c8[data-kb-block=\"kb-adv-heading7759_5ec023-c8\"]{line-height:18px;}}<\/style>\n<h2 class=\"kt-adv-heading7759_5ec023-c8 wp-block-kadence-advancedheading\" data-kb-block=\"kb-adv-heading7759_5ec023-c8\">Khodamehri Mental Care &#8211; Berlin<\/h2>\n\n\n<style>.wp-block-kadence-advancedheading.kt-adv-heading7759_de8f4d-fb, .wp-block-kadence-advancedheading.kt-adv-heading7759_de8f4d-fb[data-kb-block=\"kb-adv-heading7759_de8f4d-fb\"]{display:block;font-size:14px;line-height:19px;font-style:normal;color:#f6f1f1;background-color:#050505;}.wp-block-kadence-advancedheading.kt-adv-heading7759_de8f4d-fb mark.kt-highlight, .wp-block-kadence-advancedheading.kt-adv-heading7759_de8f4d-fb[data-kb-block=\"kb-adv-heading7759_de8f4d-fb\"] mark.kt-highlight{font-style:normal;color:#f76a0c;-webkit-box-decoration-break:clone;box-decoration-break:clone;padding-top:0px;padding-right:0px;padding-bottom:0px;padding-left:0px;}.wp-block-kadence-advancedheading.kt-adv-heading7759_de8f4d-fb img.kb-inline-image, .wp-block-kadence-advancedheading.kt-adv-heading7759_de8f4d-fb[data-kb-block=\"kb-adv-heading7759_de8f4d-fb\"] img.kb-inline-image{width:150px;vertical-align:baseline;}<\/style>\n<span class=\"kt-adv-heading7759_de8f4d-fb wp-block-kadence-advancedheading\" data-kb-block=\"kb-adv-heading7759_de8f4d-fb\"><strong>Reza Khodamehri ist Hypnotherapeut und Psychologischer Berater. Er arbeitete seit Jahren erfolgreich mit Hypnose. Die Zusammenarbeit mit seinen Klienten ist von Empathie und Wertsch\u00e4tzung gepr\u00e4gt, Reza ist mit seinen Klienten ein Verh\u00e4ltnis auf Augenh\u00f6he sehr wichtig, bei dem der Klient die Richtung bestimmt<\/strong><\/span>\n\n\n<style>.wp-block-kadence-advancedbtn.kb-btns7759_0eecdb-c1{gap:var(--global-kb-gap-xs, 0.5rem );justify-content:center;align-items:center;}.kt-btns7759_0eecdb-c1 .kt-button{font-weight:normal;font-style:normal;}<\/style>\n<div class=\"wp-block-kadence-advancedbtn kb-buttons-wrap kb-btns7759_0eecdb-c1\"><style>ul.menu .wp-block-kadence-advancedbtn .kb-btn7759_15c2e4-be.kb-button{width:initial;}.wp-block-kadence-advancedbtn .kb-btn7759_15c2e4-be.kb-button{color:#fff;background:#1872aa;font-size:12px;font-family:RsWEBbold;border-top-left-radius:0px;border-top-right-radius:0px;border-bottom-right-radius:0px;border-bottom-left-radius:0px;border-top:0px solid #1872aa;border-right:0px solid #1872aa;border-bottom:0px solid #1872aa;border-left:0px solid #1872aa;}.wp-block-kadence-advancedbtn .kb-btn7759_15c2e4-be.kb-button:hover, .wp-block-kadence-advancedbtn .kb-btn7759_15c2e4-be.kb-button:focus{color:#fff;background:#40b1f5;border-top-color:#40b1f5;border-top-style:solid;border-right-color:#40b1f5;border-right-style:solid;border-bottom-color:#40b1f5;border-bottom-style:solid;border-left-color:#40b1f5;border-left-style:solid;}@media all and (max-width: 1024px){.wp-block-kadence-advancedbtn .kb-btn7759_15c2e4-be.kb-button{border-top:0px solid #1872aa;border-right:0px solid #1872aa;border-bottom:0px solid #1872aa;border-left:0px solid #1872aa;}}@media all and (max-width: 1024px){.wp-block-kadence-advancedbtn .kb-btn7759_15c2e4-be.kb-button:hover, .wp-block-kadence-advancedbtn .kb-btn7759_15c2e4-be.kb-button:focus{border-top-color:#40b1f5;border-top-style:solid;border-right-color:#40b1f5;border-right-style:solid;border-bottom-color:#40b1f5;border-bottom-style:solid;border-left-color:#40b1f5;border-left-style:solid;}}@media all and (max-width: 767px){.wp-block-kadence-advancedbtn .kb-btn7759_15c2e4-be.kb-button{border-top:0px solid #1872aa;border-right:0px solid #1872aa;border-bottom:0px solid #1872aa;border-left:0px solid #1872aa;}.wp-block-kadence-advancedbtn .kb-btn7759_15c2e4-be.kb-button:hover, .wp-block-kadence-advancedbtn .kb-btn7759_15c2e4-be.kb-button:focus{border-top-color:#40b1f5;border-top-style:solid;border-right-color:#40b1f5;border-right-style:solid;border-bottom-color:#40b1f5;border-bottom-style:solid;border-left-color:#40b1f5;border-left-style:solid;}}<\/style><a class=\"kb-button kt-button button kb-btn7759_15c2e4-be kt-btn-size-standard kt-btn-width-type-auto kb-btn-global-fill  kt-btn-has-text-true kt-btn-has-svg-false  wp-block-kadence-singlebtn\" href=\"https:\/\/khodamehri.com\/de\/kontakt\/\"><span class=\"kt-btn-inner-text\">Kontakt<\/span><\/a>\n\n<style>ul.menu .wp-block-kadence-advancedbtn .kb-btn7759_bea665-7c.kb-button{width:initial;}.wp-block-kadence-advancedbtn .kb-btn7759_bea665-7c.kb-button{color:#fff;background:#1872aa;font-size:12px;font-family:RsWEBbold;border-top-left-radius:0px;border-top-right-radius:0px;border-bottom-right-radius:0px;border-bottom-left-radius:0px;border-top:0px solid #1872aa;border-right:0px solid #1872aa;border-bottom:0px solid #1872aa;border-left:0px solid #1872aa;}.wp-block-kadence-advancedbtn .kb-btn7759_bea665-7c.kb-button:hover, .wp-block-kadence-advancedbtn .kb-btn7759_bea665-7c.kb-button:focus{color:#fff;background:#40b1f5;border-top-color:#40b1f5;border-top-style:solid;border-right-color:#40b1f5;border-right-style:solid;border-bottom-color:#40b1f5;border-bottom-style:solid;border-left-color:#40b1f5;border-left-style:solid;}@media all and (max-width: 1024px){.wp-block-kadence-advancedbtn .kb-btn7759_bea665-7c.kb-button{border-top:0px solid #1872aa;border-right:0px solid #1872aa;border-bottom:0px solid #1872aa;border-left:0px solid #1872aa;}}@media all and (max-width: 1024px){.wp-block-kadence-advancedbtn .kb-btn7759_bea665-7c.kb-button:hover, .wp-block-kadence-advancedbtn .kb-btn7759_bea665-7c.kb-button:focus{border-top-color:#40b1f5;border-top-style:solid;border-right-color:#40b1f5;border-right-style:solid;border-bottom-color:#40b1f5;border-bottom-style:solid;border-left-color:#40b1f5;border-left-style:solid;}}@media all and (max-width: 767px){.wp-block-kadence-advancedbtn .kb-btn7759_bea665-7c.kb-button{border-top:0px solid #1872aa;border-right:0px solid #1872aa;border-bottom:0px solid #1872aa;border-left:0px solid #1872aa;}.wp-block-kadence-advancedbtn .kb-btn7759_bea665-7c.kb-button:hover, .wp-block-kadence-advancedbtn .kb-btn7759_bea665-7c.kb-button:focus{border-top-color:#40b1f5;border-top-style:solid;border-right-color:#40b1f5;border-right-style:solid;border-bottom-color:#40b1f5;border-bottom-style:solid;border-left-color:#40b1f5;border-left-style:solid;}}<\/style><a class=\"kb-button kt-button button kb-btn7759_bea665-7c kt-btn-size-standard kt-btn-width-type-auto kb-btn-global-fill  kt-btn-has-text-true kt-btn-has-svg-false  wp-block-kadence-singlebtn\" href=\"https:\/\/khodamehri.com\/de\/hypnosetherapie-berlin\/\"><span class=\"kt-btn-inner-text\">Termin vereinbaren<\/span><\/a><\/div>\n<\/div><\/div><\/div><\/div>\n<\/div><\/div>\n\n<\/div><\/div><!-- [\/element-7759] -->\n<h2>Erfahre wie du dein Problem dauerhaft\u00a0l\u00f6st<\/h2>\n<p>Eine M\u00f6glichkeit einen vorzeitigen Samenerguss effektiv und dauerhaft zu behandeln, ist Hypnose. Mit Hypnose kannst du deinen vorzeitigen Samenerguss ganz einfach loswerden und das dauerhaft. Wie das geht erkl\u00e4re ich dir jetzt. Du hast vielleicht schon einmal von dem sogenannten Unterbewusstsein geh\u00f6rt. Das Unterbewusstsein ist ein Teil unserer Psyche, auf den wir nicht mit unserem Verstand zugreifen k\u00f6nnen, der aber eine gro\u00dfe Macht auf unsere Gef\u00fchle, uns Verhalten und unser Denken hat. In deinem Unterbewusstsein sind Lernerfahrungen gespeichert, die zu immer gleichem Verhalten f\u00fchren, das wir nicht kontrollieren k\u00f6nnen und dazu geh\u00f6rt auch das vorzeitige Ejakulieren, du wirst es selbst gemerkt haben, das Zufr\u00fchkommen entzieht sich komplett deiner Kontrolle. Jetzt kommt Hypnose ins Spiel. Hypnose wirkt auf dein Unterbewusstsein. Sie kann Einfluss auf dein Unterbewusstsein nehmen und Dinge beeinflussen, \u00fcber die wir normalerweise keine Kontrolle haben. Mit Hilfe von Hypnose ist es m\u00f6glich Einfluss auf deine fr\u00fchzeitige Ejakulation zu nehmen, in dem die Lernerfahrung des zu schnellen Kommens gel\u00f6scht wird und durch eine neue Lernerfahrung ersetzt wird.\u00a0 \u00a0\u00a0<\/p>\n<p>Du musst dazu nur dein Unterbewusstsein mit der richtigen Hypnose-Technik trainieren, dann bist du in der Lage, eine vorzeitige Ejakulation f\u00fcr den Rest deines Lebens zu stoppen. Hypnose hat eine sehr starke Wirkung und auch Selbsthypnose wirkt hervorragend, wenn du sie konsequent anwendest.<br \/>Mit der Selbsthypnose werden in deinem Unterbewusstsein alte Lernerfahrungen gel\u00f6scht und dein Unterbewusstsein lernt, die vorzeitige Ejakulation zu stoppen. Damit das besonders gut funktioniert, habe ich hier noch ein paar wichtige Informationen zusammengestellt, die du am besten liest, bevor du mit der Selbst-Hypnose beginnst.<\/p>\n<h2>Was ist\u00a0 Hypnose?<\/h2>\n<p>In meinem Blog findest du einen ausf\u00fchrlichen Artikel \u00fcber die Behandlung eines vorzeitigen Samenerguss. Ein grundlegendes Verst\u00e4ndnis davon zu haben, was Hypnose ist, kann die Selbst-Hypnose wesentlich effektiver machen.<br \/>In dem Artikel erkl\u00e4re ich dir Hypnose und wie sie zur Behandlung verschiedener Probleme eingesetzt werden kann.<\/p>\n<h2>An wann ist fr\u00fch, zu fr\u00fch?<\/h2>\n<p>Wir haben eben von Lernerfahrungen gesprochen und mit Sicherheit hat dein Zufr\u00fchkommen auch mit einer Lernerfahrungen zu tun, die viele M\u00e4nner in ihrem Leben gemacht haben.<br \/>Wie die meisten M\u00e4nner wirst auch du sicher hin und wieder einmal masturbieren und wahrscheinlich bist du auch ziemlich ge\u00fcbt darin, schnell zu kommen.\u00a0<br \/>Das ist eigentlich ganz normal, denn unser Gehirn hat die Tendenz so schnell wie m\u00f6glich die gr\u00f6\u00dftm\u00f6gliche Befriedigung zu suchen. Mit viel \u00dcbung hast du dein Gehirn immer mehr darauf trainiert, schnell zu kommen, du hast gelernt, wenn ich diese oder jene Technik anwende, kann ich schnelle Befriedigung erfahren. Deine schnelle Ejakulation ist auf diesem Wege f\u00fcr dich zur selbstverst\u00e4ndlichen Gewohnheit geworden. Der Mensch ist ein Gewohnheitstier und durch eine st\u00e4ndige Wiederholung von etwas, k\u00f6nnen auch wir auf etwas konditioniert werden. Du wurdest darauf konditioniert, so schnell wie m\u00f6glich zu kommen und so innerhalb k\u00fcrzester Zeit die gr\u00f6\u00dftm\u00f6gliche Befriedigung zu erfahren.<br \/>Eine Konditionierung funktioniert besonders gut, wenn unser Unterbewusstsein beteiligt ist. Unser Unterbewusstsein steuert unsere automatischen K\u00f6rperfunktionen, wie Atmung, Herzfrequenz und auch die Ejakulation.<br \/>Es gibt haufenweise wissenschaftliche Untersuchungen, die belegen, dass eine Konditionierung dieser automatischen K\u00f6rperfunktionen besonders gut funktioniert.<\/p>\n<h2>Das Gesetz der Konditionierung<\/h2>\n<p>Eines der allerbesten Beispiele f\u00fcr diese Art der autonomen Konditionierung wird als klassische Konditionierung bezeichnet. Sie wurde vor langer Zeit von dem Russen Dr. Ivan Pavlov entdeckt, als dieser Forschungen \u00fcber das Verdauungssystem anstellte.<br \/>Pavlov verwendete f\u00fcr seine Forschungsarbeiten Speichel von Hunden, die er in einem Zwinger in der N\u00e4he seines Labors hielt.<br \/>Tag f\u00fcr Tag ging der Wissenschaftler zu seinen Hunden und sammelte ihren Speichel.<br \/>Damit die Hunde ordentlich speichelten, f\u00fctterte er sie mit kleinen Leckerbissen.<br \/>Nach einer Weile zeigte sich, dass die Hunde nur Pavlovs Schritte zu h\u00f6ren brauchten, ohne Futter bekommen zu haben und schon setzte der Speichelfluss ein.<br \/>Es reichten allein die Schritte des Wissenschaftlers, um bei den Hunden einen Speichelfluss auszul\u00f6sen.<br \/>Die Hunde wurden darauf konditioniert, auch ohne Futter, allein bei Pavlovs Schritten zu speicheln.<br \/>Die unbewusste Reaktion des Speichelflusses wurde automatisch, auch ohne Futter.<br \/>Menschen und Hunde k\u00f6nnen nicht absichtlich speicheln.<br \/>Klassische Konditionierung funktioniert bei allen Lebewesen, die ein zentrales Nervensystem haben. Wissenschaftliche Forschung hat gezeigt, dass sie bei Menschen genauso gut funktioniert, wie bei Tieren, wenn nicht sogar besser.<br \/>Ein interessanter Aspekt der klassischen Konditionierung ist, dass die konditionierte Reaktion, also das Speicheln auch ohne Futter, nicht unter der Kontrolle des bewussten Verstandes steht. Sie geschieht unterhalb der Bewusstseinsebene. Wir nennen diese Ebene auch die unterbewussten oder unbewussten Funktionen des Geistes.<br \/>Deswegen entzieht es sich auch deiner Kontrolle deine Ejakulation zu steuern, auch wenn du ein schnelles Kommen mittlerweile nicht mehr brauchst, weil du dich mit deiner Freundin oder Freund gerne ausgiebigen Gen\u00fcssen hingeben w\u00fcrdest, doch ist Konditionierung trotzdem da, dein Zufr\u00fchkommen passiert ganz automatisch.<\/p>\n<p>Die<strong> gute Nachricht<\/strong> ist, unterbewusste ablaufende K\u00f6perfunktionen k\u00f6nnen mit klassischer Konditionierung neu trainiert werden. Du kannst die alte Lernerfahrung, \u201eich will so schnell und so intensiv wie m\u00f6glich kommen\u201c, durch eine neue Lernerfahrung ersetzen. Genauer gesagt hei\u00dft das, du kannst deinem Unterbewusstsein abtrainieren zu fr\u00fch zu kommen und ihm antrainieren, dann zu kommen, wann du es willst.<\/p>\n<p><strong>Diese Selbst-Hypnose<\/strong> zum Stoppen einer vorzeitigen Ejakulation l\u00f6scht deine alte Lernerfahrung und programmiert dein Unterbewusstsein neu. Mit dieser Selbst-Hypnose wird dein Unterbewusstsein, dass f\u00fcr deine fr\u00fchzeitige Ejakulation verantwortlich ist, ver\u00e4ndert. Was zur Folge hat, dass du mit ein wenig \u00dcbung, <strong>im Bett so lange kannst, wie du es willst.<\/strong><\/p>\n<p>\u00a0<\/p>\n\n\n<figure class=\"wp-block-embed is-type-video is-provider-youtube wp-block-embed-youtube wp-embed-aspect-16-9 wp-has-aspect-ratio\"><div class=\"wp-block-embed__wrapper\">\n<iframe loading=\"lazy\" title=\"Rapid Induction Hypnosis - Instant Induction Hypnosis | why we should use it in Hypnotherapy\" width=\"720\" height=\"405\" src=\"https:\/\/www.youtube.com\/embed\/rbidy2HYP-s?feature=oembed&#038;enablejsapi=1&#038;origin=https:\/\/khodamehri.com\" frameborder=\"0\" allow=\"accelerometer; autoplay; clipboard-write; encrypted-media; gyroscope; picture-in-picture; web-share\" allowfullscreen><\/iframe>\n<\/div><\/figure>\n","protected":false},"excerpt":{"rendered":"<p><span style=\"color: #008000;\"><strong>EGAL OB DU SCHON VIEL VERSUCHT HAST: DU BIST HIER PUNKTRICHTIG, WENN DU UNTER PROFESSIONELLEN BEDINGUNGEN LERNEN M\u00d6CHTEST DEINEN ORGASMUS HINAUSZUZ\u00d6GERN!<\/strong><\/span><\/p>\n<p>Die Datei ist ein von mir extra f\u00fcr dich konzipierte simulierte Hypnosesitzung, wie ich Sie auch mit meinen Patienten in meiner Berliner Praxis durchf\u00fchre.<br \/>Das Coaching-Ziel bei einem vorzeitigen Samenerguss: Du kommst dann, <strong>wenn es von beiden gew\u00fcnscht wird!<\/strong><\/p>\n","protected":false},"featured_media":10260,"comment_status":"open","ping_status":"closed","template":"","meta":{"_kad_post_transparent":"default","_kad_post_title":"","_kad_post_layout":"default","_kad_post_sidebar_id":"","_kad_post_content_style":"default","_kad_post_vertical_padding":"default","_kad_post_feature":"","_kad_post_feature_position":"","_kad_post_header":false,"_kad_post_footer":false,"_kad_post_classname":""},"product_brand":[],"product_cat":[53],"product_tag":[],"class_list":{"0":"post-5640","1":"product","2":"type-product","3":"status-publish","4":"has-post-thumbnail","6":"product_cat-selbsthypnose-audiodatei","8":"first","9":"instock","10":"downloadable","11":"virtual","12":"purchasable","13":"product-type-simple","14":"entry","15":"content-bg","16":"loop-entry"},"_links":{"self":[{"href":"https:\/\/khodamehri.com\/de\/wp-json\/wp\/v2\/product\/5640","targetHints":{"allow":["GET"]}}],"collection":[{"href":"https:\/\/khodamehri.com\/de\/wp-json\/wp\/v2\/product"}],"about":[{"href":"https:\/\/khodamehri.com\/de\/wp-json\/wp\/v2\/types\/product"}],"replies":[{"embeddable":true,"href":"https:\/\/khodamehri.com\/de\/wp-json\/wp\/v2\/comments?post=5640"}],"wp:featuredmedia":[{"embeddable":true,"href":"https:\/\/khodamehri.com\/de\/wp-json\/wp\/v2\/media\/10260"}],"wp:attachment":[{"href":"https:\/\/khodamehri.com\/de\/wp-json\/wp\/v2\/media?parent=5640"}],"wp:term":[{"taxonomy":"product_brand","embeddable":true,"href":"https:\/\/khodamehri.com\/de\/wp-json\/wp\/v2\/product_brand?post=5640"},{"taxonomy":"product_cat","embeddable":true,"href":"https:\/\/khodamehri.com\/de\/wp-json\/wp\/v2\/product_cat?post=5640"},{"taxonomy":"product_tag","embeddable":true,"href":"https:\/\/khodamehri.com\/de\/wp-json\/wp\/v2\/product_tag?post=5640"}],"curies":[{"name":"wp","href":"https:\/\/api.w.org\/{rel}","templated":true}]}}