{"id":5850,"date":"2021-02-26T20:23:22","date_gmt":"2021-02-26T19:23:22","guid":{"rendered":"https:\/\/khodamehri.com\/?post_type=product&#038;p=5850"},"modified":"2023-04-12T16:47:27","modified_gmt":"2023-04-12T14:47:27","slug":"selbst-empowerment-weniger-smartphone-mehr-konzentration","status":"publish","type":"product","link":"https:\/\/khodamehri.com\/de\/product\/selbst-empowerment-weniger-smartphone-mehr-konzentration\/","title":{"rendered":"Selbst-Empowerment: weniger Smartphone mehr Konzentration"},"content":{"rendered":"<p>Die st\u00e4ndigen Unterbrechungen durch Smartphones gehen auf Kosten unserer Produktivit\u00e4t, Konzentration und innerer Ausgeglichenheit.<br \/>\nUnd oft sind wir uns dessen gar nicht mehr wirklich bewusst. Es ist f\u00fcr uns v\u00f6llig normal geworden, sich nicht mehr \u00fcber einen l\u00e4ngeren Zeitraum auf nur eine einzige T\u00e4tigkeit zu konzentrieren, sondern sich st\u00e4ndig selbst mit dem Handy zu unterbrechen. Der Blick aufs Handy ist mittlerweile so selbstverst\u00e4ndlich geworden wie Z\u00e4hneputzen oder Haare k\u00e4mmen.<br \/>\nKlingt nicht gut? Dann ist es Zeit, etwas daran zu \u00e4ndern. Ein erster Schritt: Kaufen wir uns einen analogen Wecker. Dann kommen wir morgens in Ruhe in den Tag und benebeln uns nicht gleich mit dem Smartphone. Legen wir au\u00dferdem Zeiten am Tag ein, in denen das Smartphone tabu ist, wie zum Beispiel bei den Mahlzeiten oder Abends vor dem zu Bett gehen. Schaffen wir medienfreie R\u00e4ume, wie das Schlafzimmer. Sehr wirksam ist auch die Digital Wellbeing Funktion f\u00fcr Android, mit der wir Apps sperren k\u00f6nnen, die Nutzungsdauer f\u00fcr bestimmte Apps begrenzen k\u00f6nnen und aufgezeigt kriegen, wie viel Zeit wir mit dem Handy t\u00e4glich verbringen.<br \/>\nWer die Digital Detox Kur zus\u00e4tzlich unterst\u00fctzen will, kann sich auch mein Self-Empowerment f\u00fcr mehr Konzentration und weniger Handykonsum besorgen.<br \/>\nDas Self-Empowerment macht dich stark, dich nicht mehr st\u00e4ndig vom Handy unterbrechen zu lassen und wieder konzentrierter zu werden.<br \/>\nProbiere es aus!<\/p>\n","protected":false},"excerpt":{"rendered":"<ul>\n<li>St\u00e4rke deine Willenskraft<\/li>\n<li>Reduziere deine Mediennutzung<\/li>\n<li>Gewinne deine Konzentration zur\u00fcck<\/li>\n<li>Werde produktiver<\/li>\n<li>Verschwende keine Zeit mehr<\/li>\n<\/ul>\n","protected":false},"featured_media":5855,"comment_status":"open","ping_status":"closed","template":"","meta":{"_kad_post_transparent":"default","_kad_post_title":"","_kad_post_layout":"default","_kad_post_sidebar_id":"","_kad_post_content_style":"default","_kad_post_vertical_padding":"default","_kad_post_feature":"","_kad_post_feature_position":"","_kad_post_header":false,"_kad_post_footer":false,"_kad_post_classname":""},"product_brand":[],"product_cat":[51],"product_tag":[],"class_list":{"0":"post-5850","1":"product","2":"type-product","3":"status-publish","4":"has-post-thumbnail","6":"product_cat-self-hypnosis-audio-file","8":"first","9":"instock","10":"sale","11":"downloadable","12":"virtual","13":"taxable","14":"purchasable","15":"product-type-simple","16":"entry","17":"content-bg","18":"loop-entry"},"_links":{"self":[{"href":"https:\/\/khodamehri.com\/de\/wp-json\/wp\/v2\/product\/5850","targetHints":{"allow":["GET"]}}],"collection":[{"href":"https:\/\/khodamehri.com\/de\/wp-json\/wp\/v2\/product"}],"about":[{"href":"https:\/\/khodamehri.com\/de\/wp-json\/wp\/v2\/types\/product"}],"replies":[{"embeddable":true,"href":"https:\/\/khodamehri.com\/de\/wp-json\/wp\/v2\/comments?post=5850"}],"wp:featuredmedia":[{"embeddable":true,"href":"https:\/\/khodamehri.com\/de\/wp-json\/wp\/v2\/media\/5855"}],"wp:attachment":[{"href":"https:\/\/khodamehri.com\/de\/wp-json\/wp\/v2\/media?parent=5850"}],"wp:term":[{"taxonomy":"product_brand","embeddable":true,"href":"https:\/\/khodamehri.com\/de\/wp-json\/wp\/v2\/product_brand?post=5850"},{"taxonomy":"product_cat","embeddable":true,"href":"https:\/\/khodamehri.com\/de\/wp-json\/wp\/v2\/product_cat?post=5850"},{"taxonomy":"product_tag","embeddable":true,"href":"https:\/\/khodamehri.com\/de\/wp-json\/wp\/v2\/product_tag?post=5850"}],"curies":[{"name":"wp","href":"https:\/\/api.w.org\/{rel}","templated":true}]}}